{"id":1641,"date":"2021-05-06T12:35:32","date_gmt":"2021-05-06T10:35:32","guid":{"rendered":"http:\/\/citeindex.science\/?page_id=1641"},"modified":"2021-05-07T10:27:28","modified_gmt":"2021-05-07T08:27:28","slug":"index-copernicus","status":"publish","type":"page","link":"https:\/\/citeindex.science\/index.php\/index-copernicus\/","title":{"rendered":"Index Copernicus"},"content":{"rendered":"\n<p>Index Copernicus to w 100% polska marka, kt\u00f3ra od niemal 10 lat swojej dzia\u0142alno\u015bci wspiera naukowc\u00f3w i jednostki naukowe w zarz\u0105dzaniu rozwojem potencja\u0142u naukowego. Obecnie realizowane przez ICI obszary dzia\u0142alno\u015bci dotycz\u0105 upowszechniania wiedzy, parametryzacji i ewaluacji nauki, bada\u0144 naukowych i prac rozwojowych dotycz\u0105cych mi\u0119dzy innymi analizowania proces\u00f3w tworzenia osi\u0105gni\u0119\u0107 naukowych, tworzenia koncepcji system\u00f3w informatycznych do gromadzenia, przetwarzania oraz analizowania du\u017cych zbior\u00f3w danych dotycz\u0105cych proces\u00f3w zachodz\u0105cych w nauce. Zgromadzone do\u015bwiadczenie pozwoli\u0142o nam na opracowanie specjalistycznych narz\u0119dzi informatycznych usprawniaj\u0105cych procesy parametryzacji i upowszechniania nauki.<\/p>\n\n\n\n<div class=\"wp-block-media-text alignwide is-stacked-on-mobile is-vertically-aligned-center\" style=\"grid-template-columns:39% auto\"><figure class=\"wp-block-media-text__media\"><img loading=\"lazy\" decoding=\"async\" width=\"341\" height=\"92\" src=\"https:\/\/citeindex.science\/wp-content\/uploads\/2021\/05\/ICI-WOJ-1-e1620373407138.png\" alt=\"ICI World of Journals\" class=\"wp-image-1598 size-medium\" srcset=\"https:\/\/citeindex.science\/wp-content\/uploads\/2021\/05\/ICI-WOJ-1-e1620373407138.png 341w, https:\/\/citeindex.science\/wp-content\/uploads\/2021\/05\/ICI-WOJ-1-e1620373407138-300x81.png 300w\" sizes=\"(max-width: 341px) 100vw, 341px\" \/><\/figure><div class=\"wp-block-media-text__content\">\n<p>Globalna baza czasopism naukowych, z kt\u00f3rej korzysta co miesi\u0105c niemal 60 tysi\u0119cy u\u017cytkownik\u00f3w ze 188 kraj\u00f3w.<\/p>\n<\/div><\/div>\n\n\n\n<hr class=\"wp-block-separator is-style-wide\"\/>\n\n\n\n<div class=\"wp-block-media-text alignwide is-stacked-on-mobile\" style=\"grid-template-columns:39% auto\"><figure class=\"wp-block-media-text__media\"><img loading=\"lazy\" decoding=\"async\" width=\"341\" height=\"87\" src=\"https:\/\/citeindex.science\/wp-content\/uploads\/2021\/05\/ICI-JML-e1620373384647.png\" alt=\"ICI Journals Master List\" class=\"wp-image-1602 size-full\" srcset=\"https:\/\/citeindex.science\/wp-content\/uploads\/2021\/05\/ICI-JML-e1620373384647.png 341w, https:\/\/citeindex.science\/wp-content\/uploads\/2021\/05\/ICI-JML-e1620373384647-300x77.png 300w\" sizes=\"(max-width: 341px) 100vw, 341px\" \/><\/figure><div class=\"wp-block-media-text__content\">\n<p>Indeksacyjna baza czasopism naukowych, w kt\u00f3rej co roku przeprowadzana jest wielowymiarowa ocena parametryczna oparta obecnie na przesz\u0142o 100 kryteriach.<\/p>\n<\/div><\/div>\n\n\n\n<hr class=\"wp-block-separator is-style-wide\"\/>\n\n\n\n<div class=\"wp-block-media-text alignwide is-stacked-on-mobile\" style=\"grid-template-columns:38% auto\"><figure class=\"wp-block-media-text__media\"><img loading=\"lazy\" decoding=\"async\" width=\"304\" height=\"106\" src=\"https:\/\/citeindex.science\/wp-content\/uploads\/2021\/05\/ICI-WOP-e1620373357224.png\" alt=\"ICI World of Papers\" class=\"wp-image-1603 size-full\" srcset=\"https:\/\/citeindex.science\/wp-content\/uploads\/2021\/05\/ICI-WOP-e1620373357224.png 304w, https:\/\/citeindex.science\/wp-content\/uploads\/2021\/05\/ICI-WOP-e1620373357224-300x106.png 300w\" sizes=\"(max-width: 304px) 100vw, 304px\" \/><\/figure><div class=\"wp-block-media-text__content\">\n<p>Baza i wyszukiwarka publikacji naukowych, w kt\u00f3rej dost\u0119pnych jest niespe\u0142na 2,5 MLN rekord\u00f3w, w tym ponad milion pe\u0142nych tre\u015bci artyku\u0142\u00f3w w formacie PDF.<\/p>\n<\/div><\/div>\n\n\n\n<hr class=\"wp-block-separator is-style-wide\"\/>\n\n\n\n<div class=\"wp-block-media-text alignwide is-stacked-on-mobile\" style=\"grid-template-columns:38% auto\"><figure class=\"wp-block-media-text__media\"><img loading=\"lazy\" decoding=\"async\" width=\"724\" height=\"200\" src=\"https:\/\/citeindex.science\/wp-content\/uploads\/2021\/05\/ICI_SE-e1620375885329.png\" alt=\"ICI Science Evaluation\" class=\"wp-image-1607 size-full\" srcset=\"https:\/\/citeindex.science\/wp-content\/uploads\/2021\/05\/ICI_SE-e1620375885329.png 724w, https:\/\/citeindex.science\/wp-content\/uploads\/2021\/05\/ICI_SE-e1620375885329-300x83.png 300w\" sizes=\"(max-width: 724px) 100vw, 724px\" \/><\/figure><div class=\"wp-block-media-text__content\">\n<p>System umo\u017cliwiaj\u0105cy analiz\u0119 osi\u0105gni\u0119\u0107 pracownik\u00f3w danej jednostki naukowej i estymacj\u0119 przysz\u0142ej oceny MEiN w prowadzonej dyscyplinie. Obecnie u\u0142atwia prac\u0119 ponad 100 jednostek naukowych w Polsce.<\/p>\n<\/div><\/div>\n\n\n\n<hr class=\"wp-block-separator is-style-wide\"\/>\n\n\n\n<div class=\"wp-block-media-text alignwide is-stacked-on-mobile\" style=\"grid-template-columns:38% auto\"><figure class=\"wp-block-media-text__media\"><img loading=\"lazy\" decoding=\"async\" width=\"680\" height=\"182\" src=\"https:\/\/citeindex.science\/wp-content\/uploads\/2021\/05\/ICI_PP-e1620375463453.png\" alt=\"\" class=\"wp-image-1642 size-full\" srcset=\"https:\/\/citeindex.science\/wp-content\/uploads\/2021\/05\/ICI_PP-e1620375463453.png 680w, https:\/\/citeindex.science\/wp-content\/uploads\/2021\/05\/ICI_PP-e1620375463453-300x80.png 300w\" sizes=\"(max-width: 680px) 100vw, 680px\" \/><\/figure><div class=\"wp-block-media-text__content\">\n<p>System obs\u0142uguj\u0105cy obecnie 114 czasopism naukowych. Pozwala na utworzenie profesjonalnej strony internetowej czasopisma i kompleksowego zarz\u0105dzania jego procesem redakcyjnym.<\/p>\n<\/div><\/div>\n","protected":false},"excerpt":{"rendered":"<p>Index Copernicus to w 100% polska marka, kt\u00f3ra od niemal 10 lat swojej dzia\u0142alno\u015bci wspiera naukowc\u00f3w i jednostki naukowe w zarz\u0105dzaniu rozwojem potencja\u0142u naukowego. Obecnie realizowane przez ICI obszary dzia\u0142alno\u015bci &#8230;<\/p>\n","protected":false},"author":1,"featured_media":0,"parent":0,"menu_order":0,"comment_status":"closed","ping_status":"closed","template":"","meta":{"footnotes":""},"_links":{"self":[{"href":"https:\/\/citeindex.science\/index.php\/wp-json\/wp\/v2\/pages\/1641"}],"collection":[{"href":"https:\/\/citeindex.science\/index.php\/wp-json\/wp\/v2\/pages"}],"about":[{"href":"https:\/\/citeindex.science\/index.php\/wp-json\/wp\/v2\/types\/page"}],"author":[{"embeddable":true,"href":"https:\/\/citeindex.science\/index.php\/wp-json\/wp\/v2\/users\/1"}],"replies":[{"embeddable":true,"href":"https:\/\/citeindex.science\/index.php\/wp-json\/wp\/v2\/comments?post=1641"}],"version-history":[{"count":8,"href":"https:\/\/citeindex.science\/index.php\/wp-json\/wp\/v2\/pages\/1641\/revisions"}],"predecessor-version":[{"id":1702,"href":"https:\/\/citeindex.science\/index.php\/wp-json\/wp\/v2\/pages\/1641\/revisions\/1702"}],"wp:attachment":[{"href":"https:\/\/citeindex.science\/index.php\/wp-json\/wp\/v2\/media?parent=1641"}],"curies":[{"name":"wp","href":"https:\/\/api.w.org\/{rel}","templated":true}]}}