{"id":1653,"date":"2021-05-06T12:46:32","date_gmt":"2021-05-06T10:46:32","guid":{"rendered":"http:\/\/citeindex.science\/?page_id=1653"},"modified":"2021-06-04T10:25:15","modified_gmt":"2021-06-04T08:25:15","slug":"ankieta-ewaluacyjna","status":"publish","type":"page","link":"https:\/\/citeindex.science\/index.php\/ankieta-ewaluacyjna\/","title":{"rendered":"Ankieta Ewaluacyjna"},"content":{"rendered":"\n<p>Ankieta ewaluacyjna to elektroniczny kwestionariusz, w kt\u00f3rym pytamy Pa\u0144stwa o parametry funkcjonowania czasopisma w roku podlegaj\u0105cym ocenie. Wys\u0142anie ankiety ewaluacyjnej to spos\u00f3b zg\u0142oszenia czasopisma do corocznej indeksacji w bazie ICI Journals Master List, a tak\u017ce do uczestnictwa w realizowanym w tym roku projekcie CiteIndex.<\/p>\n\n\n\n<p>Mo\u017cliwo\u015b\u0107 wype\u0142nienia i wys\u0142ania ankiety posiada ka\u017cdy cz\u0142onek Redakcji posiadaj\u0105cy konto u\u017cytkownika w systemie ICI World of Journals <a href=\"https:\/\/journals.indexcopernicus.com\/\">https:\/\/journals.indexcopernicus.com\/<\/a>.<\/p>\n\n\n\n<p>Po wys\u0142aniu przez Redakcj\u0119 wype\u0142nionej ankiety ewaluacyjnej deklarowane informacje na temat czasopisma weryfikowane s\u0105 w trzech etapach. Pierwszy z nich ma charakter systemowy \u2013 specjalnie przygotowany algorytm ma na celu wskazanie, kt\u00f3re z wprowadzonych danych mog\u0105 okaza\u0107 si\u0119 nieprawdziwe. Drugi etap polega na weryfikacji informacji obci\u0105\u017conych mo\u017cliwo\u015bci\u0105 b\u0142\u0119du. Ostatni etap to r\u0119czna weryfikacja informacji, czyli sprawdzenie czy zgadzaj\u0105 si\u0119 one z faktycznym funkcjonowaniem czasopisma.<\/p>\n\n\n\n<p>Poni\u017cej prezentujemy zakres informacji gromadzonych w ankiecie ewaluacyjnej:<\/p>\n\n\n\n<p><strong>1. Informacje identyfikuj\u0105ce czasopismo:<\/strong><\/p>\n\n\n\n<ul type=\"1\"><li>Numer p-ISSN (wersji drukowanej), e-ISSN (wersji elektronicznej) wraz z dat\u0105 nadania i okresem obowi\u0105zywania;<\/li><li>Tytu\u0142y (w j\u0119zyku oryginalnym, w j\u0119zyku angielskim, tytu\u0142 skr\u00f3cony) wraz z dat\u0105 nadania i okresem obowi\u0105zywania;<\/li><li>Kraj i podmiot afiliacji;<\/li><li>Specyfikacja tematyczna (dyscypliny naukowe, kategorie naukowe Web of Science, Scopus);<\/li><li>Adres strony internetowej czasopisma;<\/li><li>Sk\u0142ad zespo\u0142u redakcyjnego;<\/li><li>Nazwa i dane kontaktowe Redakcji;<\/li><li>Nazwa i dane kontaktowe Wydawcy.<\/li><\/ul>\n\n\n\n<p><\/p>\n\n\n\n<p><strong>2. Polityka wydawnicza czasopisma:<\/strong><\/p>\n\n\n\n<ul><li>Model funkcjonowania czasopisma (open access, hybrydowy, zamkni\u0119ty);<\/li><li>Wydawanie publikacji w trybie \u201eahead of print\u201d \/ \u201eearly birds\u201d;<\/li><li>Publikowanie metadanych czasopisma w wersji elektronicznej i drukowanej (ISSN, rok, miesi\u0105c, tom, numer);<\/li><li>Publikowanie metadanych artyku\u0142\u00f3w w wersji elektronicznej i drukowanej (s\u0142owa kluczowe w j\u0119zyku oryginalnym, s\u0142owa kluczowe w j\u0119zyku angielskim, afiliacja autora, data przes\u0142ania manuskryptu, data akceptacji manuskryptu, o\u015bwiadczenie autora o \u017ar\u00f3d\u0142ach finansowania bada\u0144, numer DOI publikacji, numery ORCID autor\u00f3w);<\/li><li>Format artyku\u0142\u00f3w na stronie internetowej czasopisma (PDF, HTML, XML, skan publikacji);<\/li><\/ul>\n\n\n\n<p><strong>3. Stabilno\u015b\u0107 wydawnicza czasopisma:<\/strong><\/p>\n\n\n\n<ul><li>Rok pierwszego wydania;<\/li><li>Rok, od kt\u00f3rego czasopismo nieprzerwanie funkcjonuje;<\/li><li>Miesi\u0105c, w kt\u00f3rym publikowany jest pierwszy numer czasopisma;<\/li><li>Cz\u0119stotliwo\u015b\u0107 wydawnicza w 4 ostatnich latach;<\/li><li>Liczba wyda\u0144 opublikowanych w 4 ostatnich latach;<\/li><li>Liczba artyku\u0142\u00f3w opublikowanych w 4 ostatnich latach;<\/li><li>Liczba artyku\u0142\u00f3w naukowych opublikowanych w 4 ostatnich latach;<\/li><li>Liczba manuskrypt\u00f3w zg\u0142oszonych do publikacji w 4 ostatnich latach;<\/li><li>Liczba manuskrypt\u00f3w odrzuconych do publikacji w 4 ostatnich latach;<\/li><li>Liczba artyku\u0142\u00f3w naukowych opublikowana w 2 ostatnich latach w podziale na j\u0119zyki publikacji;<\/li><li>Wyst\u0119powanie op\u00f3\u017anie\u0144 wydawniczych trwaj\u0105cych d\u0142u\u017cej ni\u017c 6 miesi\u0119cy;<\/li><li>Wyst\u0119powanie numer\u00f3w \u0142\u0105czonych.<\/li><\/ul>\n\n\n\n<p><\/p>\n\n\n\n<p><strong>4. Standardy us\u0142ug redakcyjnych:<\/strong><\/p>\n\n\n\n<ul><li><span style=\"font-size: 0.875rem;\">Publikowanie procedury recenzowania;<\/span><\/li><li>Publikowanie kryteri\u00f3w kwalifikacji i odrzucenia manuskrypt\u00f3w;<\/li><li>Publikowanie listy recenzent\u00f3w przynajmniej raz w roku;<\/li><li>Publikowanie formularza recenzji;<\/li><li>Model recenzowania stosowany przez Redakcje (podw\u00f3jne anonimowe recenzje \u2013 \u201edouble blind review\u201d, jednostronnie anonimowe recenzje \u2013 \u201esingle blind review\u201d, otwarte recenzje \u2013 \u201eopen review\u201d);<\/li><li>Publikowanie instrukcji dla autor\u00f3w (dotycz\u0105cych struktury artyku\u0142u, przygotowania pi\u015bmiennictwa);<\/li><li>Wymaganie podpisania przez recenzent\u00f3w o\u015bwiadczenia o niewyst\u0119powaniu konflikt\u00f3w interes\u00f3w;<\/li><li>Wymaganie podpisania przez autor\u00f3w o\u015bwiadcze\u0144 (o oryginalnym charakterze artyku\u0142u, o wk\u0142adzie poszczeg\u00f3lnych os\u00f3b w postawie artyku\u0142u; o \u017ar\u00f3d\u0142ach finansowania bada\u0144).<\/li><\/ul>\n\n\n\n<p><strong>5. Poziom digitalizacji czasopisma:<\/strong><\/p>\n\n\n\n<ul><li>Wersje j\u0119zykowe strony internetowej czasopisma;<\/li><li>Korzystanie z systemu antyplagiatowego do weryfikacji oryginalno\u015bci manuskrypt\u00f3w;<\/li><li>Korzystanie z elektronicznego systemu wydawniczo-edytorskiego;<\/li><li>Korzystanie z narz\u0119dzi do eksportu danych bibliograficznych i pe\u0142nych tre\u015bci artyku\u0142\u00f3w naukowych do zewn\u0119trznych baz indeksacyjnych;<\/li><li>Gromadzenie statystyk dotycz\u0105cych wy\u015bwietle\u0144 lub pobra\u0144 artyku\u0142\u00f3w;<\/li><li>Komunikacja z u\u017cytkownikami w formie newsletter\u00f3w;<\/li><li>Style bibliograficzne preferowane przez czasopismo;<\/li><li>Korzystanie z narz\u0119dzi do zarz\u0105dzania danymi bibliograficznymi;<\/li><li>Nadawanie numer\u00f3w DOI artyku\u0142om naukowym;<\/li><li>Wymaganie posiadania przez autor\u00f3w numer\u00f3w ORCID;<\/li><li>Bazy bibliograficzne, w kt\u00f3rych indeksowane jest czasopismo.<\/li><\/ul>\n\n\n\n<p><\/p>\n\n\n\n<p><strong>6. Poziom wsp\u00f3\u0142pracy z zewn\u0119trznymi i zagranicznymi naukowcami:<\/strong><\/p>\n\n\n\n<ul><li>Liczba recenzent\u00f3w, kt\u00f3rzy zrecenzowali artyku\u0142y w czasopi\u015bmie w ocenianym roku;<\/li><li>Liczba autor\u00f3w, kt\u00f3rzy opublikowali artyku\u0142y w czasopi\u015bmie w ocenianym roku;<\/li><li>Udzia\u0142 procentowy recenzent\u00f3w z zewn\u0119trzna afiliacj\u0105 spo\u015br\u00f3d wszystkich recenzent\u00f3w artyku\u0142\u00f3w naukowych opublikowanych w czasopi\u015bmie w ocenianym roku;<\/li><li>Udzia\u0142 procentowy recenzent\u00f3w z zagraniczn\u0105 afiliacj\u0105 spo\u015br\u00f3d wszystkich recenzent\u00f3w artyku\u0142\u00f3w naukowych opublikowanych w czasopi\u015bmie w ocenianym roku;<\/li><li>Udzia\u0142 procentowy autor\u00f3w z zewn\u0119trzn\u0105 afiliacj\u0105 spo\u015br\u00f3d wszystkich autor\u00f3w artyku\u0142\u00f3w naukowych opublikowanych w czasopi\u015bmie w ocenianym roku;<\/li><li>Udzia\u0142 procentowy autor\u00f3w z zagraniczn\u0105 afiliacj\u0105 spo\u015br\u00f3d wszystkich autor\u00f3w artyku\u0142\u00f3w naukowych opublikowanych w czasopi\u015bmie w ocenianym roku;<\/li><li>Udzia\u0142 procentowy os\u00f3b z zewn\u0119trzn\u0105 afiliacj\u0105 spo\u015br\u00f3d wszystkich Cz\u0142onk\u00f3w Rady Naukowej w ocenianym roku;<\/li><li>Udzia\u0142 procentowy os\u00f3b z zagraniczn\u0105 afiliacj\u0105 spo\u015br\u00f3d wszystkich Cz\u0142onk\u00f3w Rady Naukowej w ocenianym roku.<\/li><\/ul>\n\n\n\n<p><strong>7. Model pobierania op\u0142at od naukowc\u00f3w:<\/strong><\/p>\n\n\n\n<ul><li>Wysoko\u015b\u0107 op\u0142aty za z\u0142o\u017cenie manuskryptu (\u201esubmission fee\u201d);<\/li><li>Wysoko\u015b\u0107 op\u0142aty za publikacj\u0119 manuskryptu (\u201epublication fee\u201d);<\/li><li>Wysoko\u015b\u0107 op\u0142aty za publikacj\u0119 manuskryptu w modelu <em>open access <\/em>(\u201eopen access fee\u201d);<\/li><li>Wysoko\u015b\u0107 op\u0142aty za przeprowadzenie szybkiej recenzji\/publikacji manuskryptu (\u201erapid review\/publication fee\u201d);<\/li><li>\u015aredni koszt subskrypcji jednego artyku\u0142u naukowego;<\/li><li>Dost\u0119pno\u015b\u0107 w. w. informacji na stronie internetowej czasopisma.<\/li><\/ul>\n\n\n\n<p><\/p>\n\n\n\n<p><strong>8. Czas procedowania manuskrypt\u00f3w:<\/strong><\/p>\n\n\n\n<ul><li>\u015aredni czas, w jakim przeprowadzana jest wst\u0119pna ocena manuskrypt\u00f3w;<\/li><li>\u015aredni czas, w jakim przeprowadzana jest recenzja manuskrypt\u00f3w;<\/li><li>\u015aredni czas, w jakim publikowany jest artyku\u0142;<\/li><li>Dost\u0119pno\u015b\u0107 w. w. informacji na stronie internetowej czasopisma.<\/li><\/ul>\n","protected":false},"excerpt":{"rendered":"<p>Ankieta ewaluacyjna to elektroniczny kwestionariusz, w kt\u00f3rym pytamy Pa\u0144stwa o parametry funkcjonowania czasopisma w roku podlegaj\u0105cym ocenie. Wys\u0142anie ankiety ewaluacyjnej to spos\u00f3b zg\u0142oszenia czasopisma do corocznej indeksacji w bazie ICI &#8230;<\/p>\n","protected":false},"author":1,"featured_media":0,"parent":0,"menu_order":0,"comment_status":"closed","ping_status":"closed","template":"","meta":{"footnotes":""},"_links":{"self":[{"href":"https:\/\/citeindex.science\/index.php\/wp-json\/wp\/v2\/pages\/1653"}],"collection":[{"href":"https:\/\/citeindex.science\/index.php\/wp-json\/wp\/v2\/pages"}],"about":[{"href":"https:\/\/citeindex.science\/index.php\/wp-json\/wp\/v2\/types\/page"}],"author":[{"embeddable":true,"href":"https:\/\/citeindex.science\/index.php\/wp-json\/wp\/v2\/users\/1"}],"replies":[{"embeddable":true,"href":"https:\/\/citeindex.science\/index.php\/wp-json\/wp\/v2\/comments?post=1653"}],"version-history":[{"count":8,"href":"https:\/\/citeindex.science\/index.php\/wp-json\/wp\/v2\/pages\/1653\/revisions"}],"predecessor-version":[{"id":1726,"href":"https:\/\/citeindex.science\/index.php\/wp-json\/wp\/v2\/pages\/1653\/revisions\/1726"}],"wp:attachment":[{"href":"https:\/\/citeindex.science\/index.php\/wp-json\/wp\/v2\/media?parent=1653"}],"curies":[{"name":"wp","href":"https:\/\/api.w.org\/{rel}","templated":true}]}}